{"id":244,"date":"2012-03-26T21:48:54","date_gmt":"2012-03-26T20:48:54","guid":{"rendered":"http:\/\/www.jh4all.de\/?page_id=244"},"modified":"2023-03-31T17:46:47","modified_gmt":"2023-03-31T16:46:47","slug":"foto","status":"publish","type":"page","link":"https:\/\/jh4all.de\/?page_id=244","title":{"rendered":"Foto"},"content":{"rendered":"<p>Folgende Foto-Kameras nutze ich aktuell:<\/p>\n<p><strong>Nikon D3<\/strong><br \/>\nDer Schwenk ins Vollformat.\u00a0Fotos auf einem anderen Niveau.<br \/>\nEin Umstieg der sich gelohnt hat und immer wieder neuen Spass bereitet.<br \/>\nGro\u00dfartige Nikon Objektive stehen zur Auswahl und die Qualit\u00e4t ist einfach nur toll.<\/p>\n<p><strong>Mamiya RZ67 Pro<\/strong><br \/>\nMeine analoge Mittelformat Kamera im Format 6&#215;7.<br \/>\nDerzeitiges Objektiv: Mamiya Sekkor Z 110mm 4,5.<\/p>\n<p><strong>Nikon F5<\/strong><br \/>\nDie analoge Legende von Nikon im 35mm Format.<br \/>\nDie F5 habe ich mir auf dem Gebrauchtmarkt 2016 gekauft, um\u00a0eine ordentliche, analoge 35mm Kamera zu haben. Den Spezial Akku, um mit dieser Kamera auch die volle Serienbildgeschwindigkeit zu erzielen, habe ich auch.<br \/>\nHier mein Artikel des <a href=\"https:\/\/jh4all.de\/?p=1264\">Akkuumbaus<\/a>\u00a0(Einbau frische Zellen).<\/p>\n<p><strong>Nikon D2X (Backup)<\/strong><br \/>\nFast schon meine Lieblingskamera. Es ist eine alte Kamera, die aber viel Spass macht und gute Fotos liefert. Das beste: sie ist wahnsinnig schnell, trotz aktiviertem RAW. Die D2X hat einen neuen Akku spendiert bekommen und rennt damit ewig.<br \/>\nIch habe diese im Fr\u00fchjahr 2017 gebraucht gekauft, als Ersatz f\u00fcr meine betagte Nikon D70S.<\/p>\n<p><strong><br \/>\nObjektive<\/strong><br \/>\n&#8211; Nikon DX 18-200 VR 1<br \/>\n&#8211; Nikon 50mm 1,8 FX &#8211; vorzugsweise an der F5<br \/>\n&#8211; Nikon 14-24 2,8 FX &#8211; Ultraweitwinkel -genial<br \/>\n&#8211; Nikon 24-70 2,8 FX &#8211; vorzugsweise an der D3<br \/>\n&#8211; Nikon 70-200 VR2 2,8 FX &#8211; perfekt, knack scharf<br \/>\n&#8211; Nikon ED 80-200 D &#8211; f\u00fcr die F5<br \/>\n&#8211; Nikon 85mm<\/p>\n<p><strong><br \/>\nDunkelkammer &#8211; Jobo CPA-2 Prozessor + Lift<\/strong><br \/>\nDie Rollfilme (120&#8217;er) der Mamiya werden per Rotationsentwicklung in der Jobo Entwicklungsmaschine entwickelt. Dies ist ein teilautomatischer Prozess.<\/p>\n<p><strong>Dunkelkammer &#8211; Zubeh\u00f6r<\/strong><br \/>\nverschiedene Jobo Drums: System 1000, 2000 und Pro<br \/>\ndiverse Mensuren, Schalen etc&#8230;<\/p>\n<p><strong>digitale (weiter) Verarbeitung<\/strong><br \/>\nDie Filme werden mit dem Epson Scanner V550 Perfection eingescannt und am Computer bearbeitet. Alternativ im Fotoladen per Fuji Frontier SP3000 Scanner.<\/p>\n<p><strong>Betriebs- Verbrauchsmittel<\/strong><br \/>\n<em>Filme:<\/em> Kodak T-Max 400; Kodak Tri-X 400; Ilford HP5+ 400; Fuji Acros 100 und einige mehr&#8230;<br \/>\n<em>Entwickler:<\/em> Rodinal; Kodak T-Max<\/p>\n\n\t\t<style type=\"text\/css\">\n\t\t\t#gallery-1 {\n\t\t\t\tmargin: auto;\n\t\t\t}\n\t\t\t#gallery-1 .gallery-item {\n\t\t\t\tfloat: left;\n\t\t\t\tmargin-top: 10px;\n\t\t\t\ttext-align: center;\n\t\t\t\twidth: 100%;\n\t\t\t}\n\t\t\t#gallery-1 img {\n\t\t\t\tborder: 2px solid #cfcfcf;\n\t\t\t}\n\t\t\t#gallery-1 .gallery-caption {\n\t\t\t\tmargin-left: 0;\n\t\t\t}\n\t\t\t\/* see gallery_shortcode() in wp-includes\/media.php *\/\n\t\t<\/style>\n\t\t<div id='gallery-1' class='gallery galleryid-244 gallery-columns-1 gallery-size-thumbnail'><dl class='gallery-item'>\n\t\t\t<dt class='gallery-icon landscape'>\n\t\t\t\t<a href='https:\/\/jh4all.de\/wp-content\/uploads\/2012\/03\/SpeyerTimo16-mamiya1.jpg'><img loading=\"lazy\" decoding=\"async\" width=\"150\" height=\"150\" src=\"https:\/\/jh4all.de\/wp-content\/uploads\/2012\/03\/SpeyerTimo16-mamiya1-150x150.jpg\" class=\"attachment-thumbnail size-thumbnail\" alt=\"\" aria-describedby=\"gallery-1-1255\" \/><\/a>\n\t\t\t<\/dt>\n\t\t\t\t<dd class='wp-caption-text gallery-caption' id='gallery-1-1255'>\n\t\t\t\tMamiya RZ67 Pro\n\t\t\t\t<\/dd><\/dl><br style=\"clear: both\" \/>\n\t\t<\/div>\n\n<hr \/>\n<p><strong>Alte Kameras (die ich mal hatte)<\/strong><\/p>\n<p><strong>Meine (digitalen) Fotokameras die ich mal hatte:<\/strong><br \/>\nOlympus C2100UZ &#8211; Fuji FinePix S2 Pro &#8211;\u00a0Canon 300D &#8211; Nikon D70S, Nikon D200, Nikon D7100<\/p>\n<p><strong>Nikon D7100<\/strong><br \/>\nDa die Nikon D200 zwar technisch gut war, aber auch schon sehr betagt ist,<br \/>\nentschloss ich mich f\u00fcr einen kompletten Neukauf. F\u00fcr besserere Makro Aufnahmen habe ich mir den Nikon SB-700 Blitz gekauft. Das Nikkor 18-105 VR wurde durch das Nikkor 18-200 VR getauscht. Einige Bilder wurden mit dem Tamron 10-24 Ultraweitwinkel aufgenommen. Im April 2016 musste das 18-200 Nikkor repariert werden, da der Fokus (Motor) defekt war. Kit damals mit Nikkor 18-105 VR.<\/p>\n<p><strong>Fuji S5 Pro<\/strong><br \/>\nEigentlich eine Nikon D200 mit Fuji SuperCCD Sensor. Fuji bot diese Kamera als digitale Br\u00fccke zum analog Film an, da der Sensor Qualit\u00e4ten des analog Films bietet, Farben, Kontrast.<\/p>\n<p><strong>Nikon D70S<\/strong><br \/>\nmeine damalige Backup Kamera, leicht aber langsam.<br \/>\nDie Nikon D2X trat ihre Nachfolge an.<\/p>\n<p><strong>Nikon D200<br \/>\n<\/strong>Die Nikon D200 hat meine Canon EOS 300D abgel\u00f6st.<br \/>\nEinige Beitr\u00e4ge wurden mit Bildmaterial der D200 erstellt.<br \/>\nEs war das Objektiv 18-55mm montiert.<\/p>\n<p><strong>Canon EOS 300D<\/strong><br \/>\nMein Ausflug in die Canon Welt. L-Objektiv: 70-200 ohne VR (tolles Glas)<br \/>\nKurz und intensiv. Glaube ich hatte sie einen Urlaub in Benutzung, dann wurde sie ersetzt.<br \/>\nNikon sollte es werden.<\/p>\n<p><strong>Fujifilm Finepix S2 Pro<\/strong><br \/>\nAuch eine etwas \u00e4ltere, digitale, Spiegelreflex Kamera, aber mit hervorragender Bildqualit\u00e4t.<br \/>\nDie Kamera hat nativ 6 Millionen Pixel, diese werden aber durch den speziellen Aufnahme Chip auf 12 Millionen hochgerechnet. Die Finepix arbeitet mit zwei Batteriesystemen. Einmal mit zwei CR123A Lithium Zellen f\u00fcr Blitz, Spiegel und Autofocus und dann mit vier Mignon Zellen f\u00fcr den Monitor und die Speicherkartenverwaltung. Sollten die Lithium Zellen einmal schlapp machen, kann die Kamera auch mit den Mignon Zellen arbeiten, dann funktioniert aber der Blitz nicht. Meine Erfahrung zeigte, mit den Lithium und Mignon Zellen (Eneloop) kombiniert, arbeitet die Kamera ewig. Laut Anleitung sollen ca. 1.000 Fotos erreicht werden, ich w\u00fcrde sagen 600 &#8211; 800 sind realistisch. Die Kamera ist relativ schwer, ich sehe dies aber nicht als Kritikpunkt an, denn sie liegt gut in der Hand.<\/p>\n<p><strong>Olympus C2100UZ<\/strong><br \/>\nMeine erste digitale und neue Kamera. Gekauft vom Taschengeld, noch in D-Mark.<br \/>\nDie Kamera wurde lange und intensiv genutzt, sch\u00e4tze sie war bei mir locker 12 Jahre im Einsatz.<br \/>\nSie wurde sukzessive abgel\u00f6st, da der CCD Sensor Pixelfehler bekam und die SmartMedia Karten praktisch nicht mehr zu kaufen waren. Nat\u00fcrlich war ich mit der Bildqualit\u00e4t dann auch nicht mehr zufrieden. Die Kamera hatte 2.1 Mio Pixel und 10 fach optischen Zoom.<\/p>\n<p>Aktualisiert: M\u00e4rz 2023<\/p>\n<p><span style=\"font-size: 1rem;\">\t\t\t<h2> Foto <\/h2>\r\n\t\t\t<ul>\r\n\t\t\t\t\t\t <li><a href=\"https:\/\/jh4all.de\/?p=1700\" rel=\"bookmark\" title=\"Agfa Rondinax 60 erster Test\">Agfa Rondinax 60 erster Test<\/a><\/li>\r\n\t\t\t\t\t\t <li><a href=\"https:\/\/jh4all.de\/?p=1668\" rel=\"bookmark\" title=\"Nikon SD-8 Umbau auf SD-8A\">Nikon SD-8 Umbau auf SD-8A<\/a><\/li>\r\n\t\t\t\t\t\t <li><a href=\"https:\/\/jh4all.de\/?p=1509\" rel=\"bookmark\" title=\"Kodak Ektachrome E100\">Kodak Ektachrome E100<\/a><\/li>\r\n\t\t\t\t\t\t <li><a href=\"https:\/\/jh4all.de\/?p=1379\" rel=\"bookmark\" title=\"Vorsicht vor Nikon Betr\u00fcgern auf Kleinanzeigen\">Vorsicht vor Nikon Betr\u00fcgern auf Kleinanzeigen<\/a><\/li>\r\n\t\t\t\t\t\t <li><a href=\"https:\/\/jh4all.de\/?p=1286\" rel=\"bookmark\" title=\"jh4all hebt ab &#8211; DJI Drohne\">jh4all hebt ab &#8211; DJI Drohne<\/a><\/li>\r\n\t\t\t\t\t\t <li><a href=\"https:\/\/jh4all.de\/?p=1264\" rel=\"bookmark\" title=\"Nikon F5 Akkupack MN-30 neue Zellen\">Nikon F5 Akkupack MN-30 neue Zellen<\/a><\/li>\r\n\t\t\t\t\t\t <li><a href=\"https:\/\/jh4all.de\/?p=1259\" rel=\"bookmark\" title=\"Sommerloch\">Sommerloch<\/a><\/li>\r\n\t\t\t\t\t\t\r\n\t\t\t<\/ul>\r\n\t\t\t<div class=\"navigation\"><\/div>\r\n\t\t\t<\/span><\/p>\n","protected":false},"excerpt":{"rendered":"<p>Folgende Foto-Kameras nutze ich aktuell: Nikon D3 Der Schwenk ins Vollformat.\u00a0Fotos auf einem anderen Niveau. Ein Umstieg der sich gelohnt hat und immer wieder neuen Spass bereitet. Gro\u00dfartige Nikon Objektive stehen zur Auswahl und die Qualit\u00e4t ist einfach nur toll. Mamiya RZ67 Pro Meine analoge Mittelformat Kamera im Format 6&#215;7. Derzeitiges Objektiv: Mamiya Sekkor Z [&hellip;]<\/p>\n","protected":false},"author":1,"featured_media":0,"parent":0,"menu_order":4,"comment_status":"open","ping_status":"open","template":"","meta":{"footnotes":""},"class_list":["post-244","page","type-page","status-publish","hentry"],"_links":{"self":[{"href":"https:\/\/jh4all.de\/index.php?rest_route=\/wp\/v2\/pages\/244","targetHints":{"allow":["GET"]}}],"collection":[{"href":"https:\/\/jh4all.de\/index.php?rest_route=\/wp\/v2\/pages"}],"about":[{"href":"https:\/\/jh4all.de\/index.php?rest_route=\/wp\/v2\/types\/page"}],"author":[{"embeddable":true,"href":"https:\/\/jh4all.de\/index.php?rest_route=\/wp\/v2\/users\/1"}],"replies":[{"embeddable":true,"href":"https:\/\/jh4all.de\/index.php?rest_route=%2Fwp%2Fv2%2Fcomments&post=244"}],"version-history":[{"count":36,"href":"https:\/\/jh4all.de\/index.php?rest_route=\/wp\/v2\/pages\/244\/revisions"}],"predecessor-version":[{"id":2306,"href":"https:\/\/jh4all.de\/index.php?rest_route=\/wp\/v2\/pages\/244\/revisions\/2306"}],"wp:attachment":[{"href":"https:\/\/jh4all.de\/index.php?rest_route=%2Fwp%2Fv2%2Fmedia&parent=244"}],"curies":[{"name":"wp","href":"https:\/\/api.w.org\/{rel}","templated":true}]}}